{"id":2856,"date":"2025-03-03T18:25:56","date_gmt":"2025-03-03T16:25:56","guid":{"rendered":"https:\/\/glowingpoint.at\/pie-de-imprenta\/"},"modified":"2025-04-24T14:29:13","modified_gmt":"2025-04-24T14:29:13","slug":"pie-de-imprenta","status":"publish","type":"page","link":"https:\/\/glowingpoint.at\/es\/pie-de-imprenta\/","title":{"rendered":"Pie de imprenta"},"content":{"rendered":"\t\t<div data-elementor-type=\"wp-page\" data-elementor-id=\"2856\" class=\"elementor elementor-2856 elementor-3\" data-elementor-post-type=\"page\">\n\t\t\t\t\t\t<section class=\"elementor-section elementor-top-section elementor-element elementor-element-33418868 elementor-section-boxed elementor-section-height-default elementor-section-height-default\" data-id=\"33418868\" data-element_type=\"section\">\n\t\t\t\t\t\t<div class=\"elementor-container elementor-column-gap-default\">\n\t\t\t\t\t<div class=\"elementor-column elementor-col-100 elementor-top-column elementor-element elementor-element-41b2af2d\" data-id=\"41b2af2d\" data-element_type=\"column\">\n\t\t\t<div class=\"elementor-widget-wrap elementor-element-populated\">\n\t\t\t\t\t\t<div class=\"elementor-element elementor-element-566b14fc elementor-widget elementor-widget-text-editor\" data-id=\"566b14fc\" data-element_type=\"widget\" data-widget_type=\"text-editor.default\">\n\t\t\t\t<div class=\"elementor-widget-container\">\n\t\t\t\t\t\t\t\t\t<div class=\"elementor-element elementor-element-ecafc27 elementor-widget elementor-widget-text-editor\" data-id=\"ecafc27\" data-element_type=\"widget\" data-widget_type=\"text-editor.default\"><div class=\"elementor-widget-container\"><p>Informaci\u00f3n de acuerdo con la obligaci\u00f3n de informaci\u00f3n seg\u00fan el art\u00edculo 5 de la Ley de Comercio Electr\u00f3nico, el art\u00edculo 14 del C\u00f3digo de Comercio austriaco, el art\u00edculo 63 del C\u00f3digo Industrial y la obligaci\u00f3n de divulgaci\u00f3n seg\u00fan el art\u00edculo 25 de la Ley de Medios de Comunicaci\u00f3n.<\/p><p><strong>RHI GmbH &#8211; Glowing Point<\/strong><br>Hauseggerstra\u00dfe 56<br>8020 Graz<br>Austria<\/p><p><strong>Objeto social Punto brillante:<\/strong> Cosm\u00e9ticos (cuidados de belleza), incluido el maquillaje permanente, excluidos los piercings y los tatuajes<\/p><p><strong>Objeto social RHI GmbH:<\/strong> Fiduciario inmobiliario limitado a agentes inmobiliarios<br> N\u00famero UID<strong>:<\/strong> ATU68261604<br><strong>N\u00famero de registro mercantil:<\/strong> FN 403498f<br><strong>Tribunal de registro mercantil:<\/strong> LG f\u00fcr ZRS Graz<br><strong>Domicilio social:<\/strong> Graz<\/p><p><strong>Tel:<\/strong> <a href=\"tel:+43%20664%2022%2005%20355\">+43 664 22 05 355<\/a><br><strong>Correo electr\u00f3nico<\/strong> <a href=\"mailto:info@glowingpoint.at\">info@glowingpoint.at<\/a><\/p><p><strong>Derecho profesional:<\/strong> Normativa comercial: www.ris.bka.gv.at<\/p><p><strong>Autoridad supervisora\/autoridad comercial:<\/strong> Ayuntamiento de la ciudad de Graz<\/p><p><strong>Director General<\/strong><br>Directora General de derecho mercantil Sra. Anamaria Hiendler \/\/ Director General de derecho mercantil Sr. Robert Hiendler<\/p><h3><strong>Anulaciones<\/strong><\/h3><p>En caso de cancelaci\u00f3n o cambio de reserva, av\u00edsanos al menos 48 horas antes de la cita.<br>En caso de no presentaci\u00f3n sin cancelaci\u00f3n, se cobrar\u00e1 hasta el 100% de los gastos.<\/p><h3><strong>Certificado de color y declaraci\u00f3n de conformidad<\/strong><\/h3><p>Los pigmentos Swiss Color\u00ae cumplen la Ordenanza de la FDHA sobre art\u00edculos destinados a entrar en contacto con las mucosas, la piel y el cabello (HKV, SR 817.023.41).<br>Estado: Versi\u00f3n 1 de mayo de 2017 y ResAP (2008)1.<br>As\u00ed como el Reglamento (UE) 2020\/2081 de la Comisi\u00f3n por el que se modifica el anexo XVII del Reglamento (CE) n\u00ba 1907\/2006 del Parlamento Europeo y del Consejo relativo al registro, la evaluaci\u00f3n, la autorizaci\u00f3n y la restricci\u00f3n de las sustancias y preparados qu\u00edmicos (REACH) en lo que respecta a las sustancias contenidas en las tintas de tatuaje o maquillaje permanente.<\/p><p>Se public\u00f3 en el Diario Oficial de la Uni\u00f3n Europea el 14 de diciembre de 2020.<\/p><p><a href=\"https:\/\/glowingpoint.at\/wp-content\/uploads\/2025\/03\/Farbzertifikat.jpg\" target=\"_blank\" rel=\"noopener\"><strong>El certificado puede consultarse aqu\u00ed.<\/strong><\/a><\/p><h3><strong>Resoluci\u00f3n de litigios en la UE<\/strong><\/h3><p>De conformidad con el Reglamento sobre resoluci\u00f3n de litigios en l\u00ednea en materia de consumo (Reglamento RLL), nos gustar\u00eda informarte sobre la plataforma de resoluci\u00f3n de litigios en l\u00ednea (plataforma OS).<br>Los consumidores tienen la oportunidad de presentar reclamaciones a la plataforma de resoluci\u00f3n de litigios en l\u00ednea de la Comisi\u00f3n Europea en <a href=\"https:\/\/ec.europa.eu\/consumers\/odr\/main\/index.cfm?event=main.home2.show&amp;lng=DE\">https:\/\/ec.europa.eu\/consumers\/odr\/main\/index.cfm?event=main.home2.show&amp;lng=DE.<\/a> Encontrar\u00e1s los datos de contacto necesarios m\u00e1s arriba, en nuestro aviso legal. <\/p><p>Sin embargo, nos gustar\u00eda se\u00f1alar que no estamos dispuestos ni obligados a participar en procedimientos de resoluci\u00f3n de conflictos ante una junta arbitral de consumo.<\/p><h3><strong>Responsabilidad por el contenido de este sitio web<\/strong><\/h3><p>Desarrollamos constantemente el contenido de este sitio web y nos esforzamos por proporcionar informaci\u00f3n correcta y actualizada. Lamentablemente, no podemos aceptar ninguna responsabilidad por la exactitud de todo el contenido de este sitio web, especialmente por el proporcionado por terceros. Como proveedor de servicios, no estamos obligados a controlar la informaci\u00f3n transmitida o almacenada por ellos ni a investigar circunstancias que indiquen una actividad ilegal.  <\/p><p>Nuestras obligaciones de eliminar informaci\u00f3n o bloquear el uso de informaci\u00f3n de acuerdo con las leyes generales debido a \u00f3rdenes judiciales u oficiales no se ver\u00e1n afectadas incluso en el caso de que no seamos responsables.<\/p><p>Si observas alg\u00fan contenido problem\u00e1tico o ilegal, ponte en contacto con nosotros inmediatamente para que podamos eliminarlo. Encontrar\u00e1s los datos de contacto en el pie de imprenta. <\/p><h3><strong>Responsabilidad de los enlaces de este sitio web<\/strong><\/h3><p>Nuestro sitio web contiene enlaces a otros sitios web de cuyo contenido no somos responsables. No somos responsables de los sitios web enlazados, ya que no ten\u00edamos ni tenemos conocimiento de actividades ilegales, no hemos observado ninguna actividad ilegal de este tipo hasta la fecha y eliminar\u00edamos los enlaces inmediatamente si tuvi\u00e9ramos conocimiento de alguna actividad ilegal. <\/p><p>Si observas alg\u00fan enlace ilegal en nuestro sitio web, ponte en contacto con nosotros. Encontrar\u00e1s los datos de contacto en el pie de imprenta. <\/p><h3><strong>Aviso de derechos de autor<\/strong><\/h3><p>Todos los contenidos de este sitio web (im\u00e1genes, fotos, textos, v\u00eddeos) est\u00e1n sujetos a derechos de autor. Por favor, cons\u00faltanos antes de distribuir, reproducir o utilizar el contenido de este sitio web, por ejemplo republic\u00e1ndolo en otros sitios web. Si es necesario, emprenderemos acciones legales contra el uso no autorizado de partes del contenido de nuestro sitio web.  <\/p><p>Si encuentras alg\u00fan contenido en este sitio web que viole la ley de derechos de autor, ponte en contacto con nosotros.<\/p><h3><strong>Cr\u00e9ditos de las im\u00e1genes<\/strong><\/h3><p>Las im\u00e1genes, fotos y gr\u00e1ficos de este sitio web est\u00e1n protegidos por derechos de autor.<\/p><p>Los derechos de imagen pertenecen a: <strong style=\"color: var(--global-palette3); font-family: var(--global-body-font-family);\">RHI GmbH<\/strong><\/p><p>Todos los textos est\u00e1n protegidos por derechos de autor.<\/p><h3><strong>DISE\u00d1O WEB | REALIZACI\u00d3N<\/strong><\/h3><p><a href=\"http:\/\/www.fresh-marketing.at\/\"><strong>Marketing fresco<\/strong><\/a> \/ <a href=\"http:\/\/www.fresh-marketing.at\/\">Agencia de dise\u00f1o web<\/a><\/p><p><strong>correo electr\u00f3nico:<\/strong> <a href=\"mailto:http:\/\/office@fresh-marketing.at\">office@fresh-marketing.at<\/a><\/p><\/div><\/div><div class=\"elementor-element elementor-element-19f30e2 elementor-widget elementor-widget-text-editor\" data-id=\"19f30e2\" data-element_type=\"widget\" data-widget_type=\"text-editor.default\"><div class=\"elementor-widget-container\"> <\/div><\/div>\t\t\t\t\t\t\t\t<\/div>\n\t\t\t\t<\/div>\n\t\t\t\t\t<\/div>\n\t\t<\/div>\n\t\t\t\t\t<\/div>\n\t\t<\/section>\n\t\t\t\t<\/div>\n\t\t","protected":false},"excerpt":{"rendered":"<p>Informaci\u00f3n de acuerdo con la obligaci\u00f3n de informaci\u00f3n seg\u00fan el art\u00edculo 5 de la Ley de Comercio Electr\u00f3nico, el art\u00edculo 14 del C\u00f3digo de Comercio austriaco, el art\u00edculo 63 del C\u00f3digo Industrial y la obligaci\u00f3n de divulgaci\u00f3n seg\u00fan el art\u00edculo 25 de la Ley de Medios de Comunicaci\u00f3n. RHI GmbH &#8211; Glowing PointHauseggerstra\u00dfe 568020 GrazAustria&#8230;<\/p>\n","protected":false},"author":1,"featured_media":0,"parent":0,"menu_order":0,"comment_status":"closed","ping_status":"closed","template":"","meta":{"_loi_post_transparent":"","_loi_post_title":"","_loi_post_layout":"","_loi_post_sidebar_id":"","_loi_post_content_style":"","_loi_post_vertical_padding":"","_loi_post_feature":"","_loi_post_feature_position":"","_loi_post_header":false,"_loi_post_footer":false,"footnotes":""},"class_list":["post-2856","page","type-page","status-publish","hentry"],"_links":{"self":[{"href":"https:\/\/glowingpoint.at\/es\/wp-json\/wp\/v2\/pages\/2856","targetHints":{"allow":["GET"]}}],"collection":[{"href":"https:\/\/glowingpoint.at\/es\/wp-json\/wp\/v2\/pages"}],"about":[{"href":"https:\/\/glowingpoint.at\/es\/wp-json\/wp\/v2\/types\/page"}],"author":[{"embeddable":true,"href":"https:\/\/glowingpoint.at\/es\/wp-json\/wp\/v2\/users\/1"}],"replies":[{"embeddable":true,"href":"https:\/\/glowingpoint.at\/es\/wp-json\/wp\/v2\/comments?post=2856"}],"version-history":[{"count":1,"href":"https:\/\/glowingpoint.at\/es\/wp-json\/wp\/v2\/pages\/2856\/revisions"}],"predecessor-version":[{"id":2860,"href":"https:\/\/glowingpoint.at\/es\/wp-json\/wp\/v2\/pages\/2856\/revisions\/2860"}],"wp:attachment":[{"href":"https:\/\/glowingpoint.at\/es\/wp-json\/wp\/v2\/media?parent=2856"}],"curies":[{"name":"wp","href":"https:\/\/api.w.org\/{rel}","templated":true}]}}