{"id":3414,"date":"2025-07-22T09:59:37","date_gmt":"2025-07-22T07:59:37","guid":{"rendered":"https:\/\/glowingpoint.at\/cgc\/"},"modified":"2025-07-22T10:53:23","modified_gmt":"2025-07-22T10:53:23","slug":"cgc","status":"publish","type":"page","link":"https:\/\/glowingpoint.at\/es\/cgc\/","title":{"rendered":"CGC"},"content":{"rendered":"\t\t<div data-elementor-type=\"wp-page\" data-elementor-id=\"3414\" class=\"elementor elementor-3414 elementor-3397\" data-elementor-post-type=\"page\">\n\t\t\t\t\t\t<section class=\"elementor-section elementor-top-section elementor-element elementor-element-33418868 elementor-section-boxed elementor-section-height-default elementor-section-height-default\" data-id=\"33418868\" data-element_type=\"section\">\n\t\t\t\t\t\t<div class=\"elementor-container elementor-column-gap-default\">\n\t\t\t\t\t<div class=\"elementor-column elementor-col-100 elementor-top-column elementor-element elementor-element-41b2af2d\" data-id=\"41b2af2d\" data-element_type=\"column\">\n\t\t\t<div class=\"elementor-widget-wrap elementor-element-populated\">\n\t\t\t\t\t\t<div class=\"elementor-element elementor-element-566b14fc elementor-widget elementor-widget-text-editor\" data-id=\"566b14fc\" data-element_type=\"widget\" data-widget_type=\"text-editor.default\">\n\t\t\t\t<div class=\"elementor-widget-container\">\n\t\t\t\t\t\t\t\t\t<div class=\"elementor-element elementor-element-ecafc27 elementor-widget elementor-widget-text-editor\" data-id=\"ecafc27\" data-element_type=\"widget\" data-widget_type=\"text-editor.default\"><div class=\"elementor-widget-container\"><p>CONDICIONES GENERALES DE CONTRATACI\u00d3N (CGC) para<\/p><p>Pedicuristas, esteticistas, masajistas (terap\u00e9uticos), salones de u\u00f1as, perforadores y tatuadores<\/p><p> <\/p><ul><li><strong>1. Generalidades<\/strong><\/li><\/ul><p>Las presentes Condiciones Generales de Contrataci\u00f3n (en lo sucesivo, &#8220;CGC&#8221;) se aplican a todos los contratos y prestaciones (servicios, venta de bienes, inicio de contratos, etc.) entre la empresa Glowing Point RHI GmbH Filiale Hauseggerstra\u00dfe 56 b en 8020 Graz, www. Glowingpoint.at con la direcci\u00f3n de correo electr\u00f3nico <a href=\"mailto:info@glowingpoint.at\">info@glowingpoint.at<\/a> (en lo sucesivo, &#8220;Proveedor de Servicios&#8221;) y su cliente. Las transacciones legales entre el proveedor de servicios y el cliente que no est\u00e9n cubiertas por estas CGC requieren un acuerdo individual por escrito. Los acuerdos colaterales verbales no son v\u00e1lidos. No se aplicar\u00e1n otras CGC.    <\/p><p> <\/p><ul><li><strong>2. Celebraci\u00f3n del contrato y concertaci\u00f3n de citas<\/strong><\/li><\/ul><p>2.1. Las descripciones de servicios y la promoci\u00f3n de servicios y productos (en el local comercial, en folletos publicitarios, en el sitio web u otros medios similares) no son vinculantes y est\u00e1n sujetas a cambios, es decir, representan \u00fanicamente una invitaci\u00f3n al cliente a presentar una oferta.<br>El Prestador puede aceptar o rechazar ofertas (especialmente para concertar citas) sin necesidad de indicar motivos. Las ofertas pueden realizarse por tel\u00e9fono, correo electr\u00f3nico, en l\u00ednea o en persona (v\u00e9anse los datos de contacto al final).  <\/p><p>2.2. Las ofertas se consideran aceptadas por parte del Prestador mediante el env\u00edo de un SMS de confirmaci\u00f3n, un correo electr\u00f3nico de confirmaci\u00f3n o una confirmaci\u00f3n expresa personal.<\/p><p> <\/p><ul><li><strong>3. Cambios de cita, cancelaciones, llegadas tard\u00edas a la cita acordada<\/strong><\/li><\/ul><p>3.1. Las citas acordadas son vinculantes y deben cumplirse. Si el cliente no puede asistir a una cita acordada, la cancelaci\u00f3n o el cambio de fecha solo ser\u00e1n posibles de acuerdo con las disposiciones siguientes. <\/p><p>3.2. Un cambio o cancelaci\u00f3n de cita sin costo es posible hasta 3 d\u00edas antes de la cita, excluyendo s\u00e1bados y domingos. Si el cambio o cancelaci\u00f3n se realiza despu\u00e9s de este plazo pero al menos 48 horas antes de la cita acordada, el Prestador podr\u00e1 cobrar una tarifa de cancelaci\u00f3n equivalente al 50 % del importe acordado.<br>En caso de cambios o cancelaciones posteriores o si el cliente no se presenta a la cita acordada, el Prestador cobrar\u00e1 el importe total. No existe derecho por parte del cliente a recibir un servicio de sustituci\u00f3n.   <\/p><p>3.3. No se otorgar\u00e1 reembolso ni descuento por la reducci\u00f3n o disminuci\u00f3n del servicio acordado solicitada por el cliente.<\/p><p>3.4. Si el Prestador no puede cumplir con una cita por razones que no le son imputables o por fuerza mayor, se informar\u00e1 al cliente de inmediato, siempre que los datos de contacto proporcionados permitan una comunicaci\u00f3n r\u00e1pida. En tal caso, el Prestador est\u00e1 autorizado a reprogramar la cita en corto plazo o a rescindir el contrato. <\/p><p> <\/p><ul><li><strong>4 Precios y modalidades de pago<\/strong><\/li><\/ul><p>4.1. Todos los precios se basan en la lista de precios vigente en el momento de la prestaci\u00f3n del servicio. La publicaci\u00f3n de una nueva lista de precios reemplaza autom\u00e1ticamente a la anterior. <\/p><p>4.2. El pago por el servicio recibido por el cliente es exigible inmediatamente despu\u00e9s de que el Prestador haya realizado la prestaci\u00f3n.<\/p><p>4.3. El pago por una serie de servicios (paquete de 5, 10 o x sesiones) debe realizarse por adelantado. El paquete de 5, 10 o x sesiones no es transferible a terceros. <\/p><p>4.4. No se permite el reembolso de servicios pagados por adelantado (vales, paquetes).<\/p><p> <\/p><ul><li><strong>5 Da\u00f1os materiales<\/strong><\/li><\/ul><p>La responsabilidad del Prestador por da\u00f1os materiales durante la prestaci\u00f3n del servicio (por ejemplo, a la ropa del cliente debido a aceites, cremas u otros l\u00edquidos similares) se limita a casos de negligencia grave y actos intencionales.<\/p><p> <\/p><ul><li><strong>6 Reserva de propiedad<\/strong><\/li><\/ul><p>El Prestador se reserva la propiedad de los productos vendidos hasta su pago completo.<\/p><p> <\/p><ul><li><strong>7 Obligaci\u00f3n de informaci\u00f3n del cliente<\/strong><\/li><\/ul><p>7.1. El cliente est\u00e1 obligado a informar al prestador sobre enfermedades, alergias u otras molestias f\u00edsicas (especialmente diabetes, anticoagulaci\u00f3n, etc.) que deban ser consideradas durante la prestaci\u00f3n del servicio o que puedan afectar la salud del cliente, con el mayor conocimiento y buena fe.<\/p><p>7.2. El cliente responder\u00e1 al prestador las preguntas sobre su estado de salud de manera diligente y veraz, con el fin de evitar complicaciones en la prestaci\u00f3n del servicio y posibles da\u00f1os.<\/p><p> <\/p><ul><li><strong>8 Vales<\/strong><\/li><\/ul><p>8.1. Los vales de valor se emiten por una cantidad de dinero espec\u00edfica. La validez de los vales de valor es de 5 a\u00f1os, debiendo realizarse la prestaci\u00f3n correspondiente a la redenci\u00f3n del vale dentro de este per\u00edodo. Para la redenci\u00f3n, se aplican las disposiciones acordadas en los \u00a7\u00a7 2 y 3 sobre la concertaci\u00f3n de citas.  <\/p><p>8.2. Los vales de servicio se emiten para un servicio espec\u00edfico. La validez de los vales de servicio es de 5 a\u00f1os, debiendo realizarse la prestaci\u00f3n correspondiente a la redenci\u00f3n del vale dentro de este per\u00edodo. Para la redenci\u00f3n se aplican las disposiciones acordadas en los \u00a7\u00a7 2 y 3 sobre la concertaci\u00f3n de citas. Si el precio del servicio correspondiente en el momento de la redenci\u00f3n es m\u00e1s alto que en el momento de emisi\u00f3n del vale, el cliente deber\u00e1 pagar la diferencia.   <\/p><p>8.3. El vale debe ser presentado en la cita y solo puede ser canjeado mediante su anulaci\u00f3n.<\/p><p>8.4. El pago en efectivo del valor del vale est\u00e1 excluido.<\/p><p> <\/p><ul><li><strong>9 Protecci\u00f3n de datos<\/strong><\/li><\/ul><p>Ten en cuenta nuestra informaci\u00f3n sobre protecci\u00f3n de datos en <a href=\"https:\/\/glowingpoint.at\/es\/politica-de-privacidad\/\">www.glowingpoint.at<\/a><\/p><p> <\/p><ul><li><strong>10 Otros aspectos \/ Disposiciones generales<\/strong><\/li><\/ul><p>Si una o varias disposiciones contenidas en estos T\u00e9rminos y Condiciones Generales (AGB) fueran nulas o inv\u00e1lidas, o si su validez se viera afectada por circunstancias posteriores, ello no afectar\u00e1 la validez de las dem\u00e1s disposiciones. En tal caso, las partes contratantes se comprometen a complementar el contrato de manera eficaz, conforme al prop\u00f3sito legal y econ\u00f3mico de las disposiciones inv\u00e1lidas o incompletas. <\/p><p>Datos de contacto:<br>Hiendler Anamaria \/ Artista de Permanent Make Up \/ Directora General \/ Glowing Point \u2013 RHI GmbH<\/p><p>Tel\u00e9fono: 0664\/2205355<\/p><p><a href=\"https:\/\/glowingpoint.at\">Sitio web: www.glowingpoint.at<\/a><\/p><p><a href=\"mailto:info@glowingpoint.at\">Correo electr\u00f3nico: info@glowingpoint.at<\/a><\/p><p>Direcci\u00f3n: Hauseggerstrasse 56 b, 8020 Graz<\/p><\/div><\/div>\t\t\t\t\t\t\t\t<\/div>\n\t\t\t\t<\/div>\n\t\t\t\t\t<\/div>\n\t\t<\/div>\n\t\t\t\t\t<\/div>\n\t\t<\/section>\n\t\t\t\t<\/div>\n\t\t","protected":false},"excerpt":{"rendered":"<p>CONDICIONES GENERALES DE CONTRATACI\u00d3N (CGC) para Pedicuristas, esteticistas, masajistas (terap\u00e9uticos), salones de u\u00f1as, perforadores y tatuadores 1. Generalidades Las presentes Condiciones Generales de Contrataci\u00f3n (en lo sucesivo, &#8220;CGC&#8221;) se aplican a todos los contratos y prestaciones (servicios, venta de bienes, inicio de contratos, etc.) entre la empresa Glowing Point RHI GmbH Filiale Hauseggerstra\u00dfe 56 b&#8230;<\/p>\n","protected":false},"author":1,"featured_media":0,"parent":0,"menu_order":0,"comment_status":"closed","ping_status":"closed","template":"","meta":{"_loi_post_transparent":"","_loi_post_title":"","_loi_post_layout":"","_loi_post_sidebar_id":"","_loi_post_content_style":"","_loi_post_vertical_padding":"","_loi_post_feature":"","_loi_post_feature_position":"","_loi_post_header":false,"_loi_post_footer":false,"footnotes":""},"class_list":["post-3414","page","type-page","status-publish","hentry"],"_links":{"self":[{"href":"https:\/\/glowingpoint.at\/es\/wp-json\/wp\/v2\/pages\/3414","targetHints":{"allow":["GET"]}}],"collection":[{"href":"https:\/\/glowingpoint.at\/es\/wp-json\/wp\/v2\/pages"}],"about":[{"href":"https:\/\/glowingpoint.at\/es\/wp-json\/wp\/v2\/types\/page"}],"author":[{"embeddable":true,"href":"https:\/\/glowingpoint.at\/es\/wp-json\/wp\/v2\/users\/1"}],"replies":[{"embeddable":true,"href":"https:\/\/glowingpoint.at\/es\/wp-json\/wp\/v2\/comments?post=3414"}],"version-history":[{"count":1,"href":"https:\/\/glowingpoint.at\/es\/wp-json\/wp\/v2\/pages\/3414\/revisions"}],"predecessor-version":[{"id":3415,"href":"https:\/\/glowingpoint.at\/es\/wp-json\/wp\/v2\/pages\/3414\/revisions\/3415"}],"wp:attachment":[{"href":"https:\/\/glowingpoint.at\/es\/wp-json\/wp\/v2\/media?parent=3414"}],"curies":[{"name":"wp","href":"https:\/\/api.w.org\/{rel}","templated":true}]}}