{"id":2844,"date":"2025-03-03T18:25:56","date_gmt":"2025-03-03T16:25:56","guid":{"rendered":"https:\/\/glowingpoint.at\/imprint\/"},"modified":"2025-04-24T14:29:06","modified_gmt":"2025-04-24T14:29:06","slug":"imprint","status":"publish","type":"page","link":"https:\/\/glowingpoint.at\/ro\/imprint\/","title":{"rendered":"Imprint"},"content":{"rendered":"\t\t<div data-elementor-type=\"wp-page\" data-elementor-id=\"2844\" class=\"elementor elementor-2844 elementor-3\" data-elementor-post-type=\"page\">\n\t\t\t\t\t\t<section class=\"elementor-section elementor-top-section elementor-element elementor-element-33418868 elementor-section-boxed elementor-section-height-default elementor-section-height-default\" data-id=\"33418868\" data-element_type=\"section\">\n\t\t\t\t\t\t<div class=\"elementor-container elementor-column-gap-default\">\n\t\t\t\t\t<div class=\"elementor-column elementor-col-100 elementor-top-column elementor-element elementor-element-41b2af2d\" data-id=\"41b2af2d\" data-element_type=\"column\">\n\t\t\t<div class=\"elementor-widget-wrap elementor-element-populated\">\n\t\t\t\t\t\t<div class=\"elementor-element elementor-element-566b14fc elementor-widget elementor-widget-text-editor\" data-id=\"566b14fc\" data-element_type=\"widget\" data-widget_type=\"text-editor.default\">\n\t\t\t\t<div class=\"elementor-widget-container\">\n\t\t\t\t\t\t\t\t\t<div class=\"elementor-element elementor-element-ecafc27 elementor-widget elementor-widget-text-editor\" data-id=\"ecafc27\" data-element_type=\"widget\" data-widget_type=\"text-editor.default\"><div class=\"elementor-widget-container\"><p>Informa\u021bii \u00een conformitate cu obliga\u021bia de informare prev\u0103zut\u0103 la articolul 5 din Legea privind comer\u021bul electronic, articolul 14 din Codul comercial austriac, articolul 63 din Codul industrial \u0219i obliga\u021bia de informare prev\u0103zut\u0103 la articolul 25 din Legea privind mass-media.<\/p><p><strong>RHI GmbH &#8211; Glowing Point<\/strong><br>Hauseggerstra\u00dfe 56<br>8020 Graz<br>Austria<\/p><p><strong>Obiectul de activitate Glowing Point:<\/strong> Cosmetice (\u00eengrijire a frumuse\u021bii), inclusiv machiaj permanent, cu excep\u021bia piercing-ului \u0219i tatuajului<\/p><p><strong>Obiectul societ\u0103\u021bii RHI GmbH:<\/strong> administrator de bunuri imobiliare limitat la agen\u021bii imobiliari<br> Num\u0103rul UID<strong>:<\/strong> ATU68261604<br><strong>Num\u0103rul de \u00eenregistrare al societ\u0103\u021bii:<\/strong> FN 403498f<br><strong>Tribunalul registrului comer\u021bului:<\/strong> LG f\u00fcr ZRS Graz<br><strong>Sediul social:<\/strong> Graz<\/p><p><strong>Tel:<\/strong> <a href=\"tel:+43%20664%2022%2005%20355\">+43 664 22 05 355<\/a><br><strong>E-Mail:<\/strong> <a href=\"mailto:info@glowingpoint.at\">info@glowingpoint.at<\/a><\/p><p><strong>Drept profesional:<\/strong> Reglement\u0103ri comerciale: www.ris.bka.gv.at<\/p><p><strong>Autoritatea de supraveghere\/autoritatea comercial\u0103:<\/strong> Municipalitatea ora\u0219ului Graz<\/p><p><strong>Managing Director<\/strong><br>Managing Director \u00een temeiul dreptului comercial Dna Anamaria Hiendler \/\/ Managing Director \u00een temeiul dreptului comercial Dl Robert Hiendler<\/p><h3><strong>Anul\u0103ri<\/strong><\/h3><p>\u00cen cazul unei anul\u0103ri sau al unei noi rezerv\u0103ri, v\u0103 rug\u0103m s\u0103 ne anun\u021ba\u021bi cu cel pu\u021bin 48 de ore \u00eenainte de programare.<br>\u00cen cazul unei neprezent\u0103ri f\u0103r\u0103 o anulare, se vor percepe p\u00e2n\u0103 la 100% din costuri.<\/p><h3><strong>Certificat de culoare \u0219i declara\u021bie de conformitate<\/strong><\/h3><p>Pigmen\u021bii Swiss Color\u00ae sunt \u00een conformitate cu Ordonan\u021ba FDHA privind articolele destinate s\u0103 intre \u00een contact cu membranele mucoase, pielea \u0219i p\u0103rul (HKV, SR 817.023.41).<br>Status: Version 1 May 2017 and ResAP (2008)1.<br>precum \u0219i cu Regulamentul (UE) 2020\/2081 al Comisiei de modificare a anexei XVII la Regulamentul (CE) nr. 1907\/2006 al Parlamentului European \u0219i al Consiliului privind \u00eenregistrarea, evaluarea, autorizarea \u0219i restric\u021bionarea substan\u021belor chimice (REACH) \u00een ceea ce prive\u0219te substan\u021bele din cernelurile pentru tatuaje sau machiaj permanent.<\/p><p>Acesta a fost publicat \u00een Jurnalul Oficial al Uniunii Europene la 14 decembrie 2020.<\/p><p><a href=\"https:\/\/glowingpoint.at\/wp-content\/uploads\/2025\/03\/Farbzertifikat.jpg\" target=\"_blank\" rel=\"noopener\"><strong>Certificatul poate fi vizualizat aici.<\/strong><\/a><\/p><h3><strong>Solu\u021bionarea litigiilor \u00een cadrul UE<\/strong><\/h3><p>\u00cen conformitate cu Regulamentul privind solu\u021bionarea online a litigiilor \u00een materie de consum (Regulamentul SOL), dorim s\u0103 v\u0103 inform\u0103m cu privire la platforma de solu\u021bionare online a litigiilor (platforma SOL).<br>Consumatorii au posibilitatea de a depune reclama\u021bii la platforma de solu\u021bionare online a litigiilor a Comisiei Europene la adresa <a href=\"https:\/\/ec.europa.eu\/consumers\/odr\/main\/index.cfm?event=main.home2.show&amp;lng=DE\">https:\/\/ec.europa.eu\/consumers\/odr\/main\/index.cfm?event=main.home2.show&amp;lng=DE.<\/a> Ve\u021bi g\u0103si detaliile de contact necesare mai sus, \u00een avizul nostru juridic. <\/p><p>Cu toate acestea, am dori s\u0103 subliniem faptul c\u0103 nu suntem dispu\u0219i sau obliga\u021bi s\u0103 particip\u0103m la procedurile de solu\u021bionare a litigiilor \u00een fa\u021ba unei comisii de arbitraj pentru consumatori.<\/p><h3><strong>R\u0103spunderea pentru con\u021binutul acestui site web<\/strong><\/h3><p>Dezvolt\u0103m \u00een mod constant con\u021binutul acestui site web \u0219i ne str\u0103duim s\u0103 furniz\u0103m informa\u021bii corecte \u0219i actualizate. Din p\u0103cate, nu putem accepta nicio r\u0103spundere pentru acurate\u021bea \u00eentregului con\u021binut de pe acest site, \u00een special pentru cel furnizat de ter\u021be p\u0103r\u021bi. \u00cen calitate de furnizor de servicii, nu suntem obliga\u021bi s\u0103 monitoriz\u0103m informa\u021biile transmise sau stocate de ace\u0219tia sau s\u0103 investig\u0103m circumstan\u021be care indic\u0103 activit\u0103\u021bi ilegale.  <\/p><p>Obliga\u021biile noastre de a elimina informa\u021biile sau de a bloca utilizarea informa\u021biilor \u00een conformitate cu legile generale, ca urmare a unor ordine judiciare sau oficiale, r\u0103m\u00e2n neafectate chiar \u0219i \u00een cazul neresponsabilit\u0103\u021bii noastre.<\/p><p>Dac\u0103 observa\u021bi orice con\u021binut problematic sau ilegal, v\u0103 rug\u0103m s\u0103 ne contacta\u021bi imediat, astfel \u00eenc\u00e2t s\u0103 putem elimina con\u021binutul ilegal. Ve\u021bi g\u0103si detaliile de contact \u00een imprimeu. <\/p><h3><strong>R\u0103spunderea pentru linkurile de pe acest site<\/strong><\/h3><p>Site-ul nostru web con\u021bine linkuri c\u0103tre alte site-uri web pentru al c\u0103ror con\u021binut nu suntem responsabili. Nu suntem r\u0103spunz\u0103tori pentru site-urile web conectate, deoarece nu am avut \u0219i nu avem cuno\u0219tin\u021b\u0103 de activit\u0103\u021bi ilegale, nu am observat nicio astfel de activitate ilegal\u0103 p\u00e2n\u0103 \u00een prezent \u0219i am elimina linkurile imediat dac\u0103 am lua cuno\u0219tin\u021b\u0103 de orice activit\u0103\u021bi ilegale. <\/p><p>Dac\u0103 observa\u021bi linkuri ilegale pe site-ul nostru, v\u0103 rug\u0103m s\u0103 ne contacta\u021bi. Ve\u021bi g\u0103si detaliile de contact \u00een imprimeu. <\/p><h3><strong>Not\u0103 privind drepturile de autor<\/strong><\/h3><p>Toate con\u021binuturile acestui site (imagini, fotografii, texte, videoclipuri) sunt supuse drepturilor de autor. V\u0103 rug\u0103m s\u0103 ne \u00eentreba\u021bi \u00eenainte de a distribui, reproduce sau utiliza con\u021binutul acestui site web, de exemplu prin republicarea acestuia pe alte site-uri web. Dac\u0103 este necesar, vom lua m\u0103suri legale \u00eempotriva utiliz\u0103rii neautorizate a unor p\u0103r\u021bi din con\u021binutul site-ului nostru web.  <\/p><p>Dac\u0103 g\u0103si\u021bi pe acest site un con\u021binut care \u00eencalc\u0103 legea drepturilor de autor, v\u0103 rug\u0103m s\u0103 ne contacta\u021bi.<\/p><h3><strong>Credite foto<\/strong><\/h3><p>Imaginile, fotografiile \u0219i grafica de pe acest site sunt protejate prin drepturi de autor.<\/p><p>Drepturile de imagine sunt de\u021binute de: <strong style=\"color: var(--global-palette3); font-family: var(--global-body-font-family);\">RHI GmbH<\/strong><\/p><p>Toate textele sunt protejate prin drepturi de autor.<\/p><h3><strong>WEBDESIGN | REALIZARE<\/strong><\/h3><p><a href=\"http:\/\/www.fresh-marketing.at\/\"><strong>Fresh Marketing<\/strong><\/a> \/ <a href=\"http:\/\/www.fresh-marketing.at\/\">Agen\u021bie de web design<\/a><\/p><p><strong>e-mail:<\/strong> <a href=\"mailto:http:\/\/office@fresh-marketing.at\">office@fresh-marketing.at<\/a><\/p><\/div><\/div><div class=\"elementor-element elementor-element-19f30e2 elementor-widget elementor-widget-text-editor\" data-id=\"19f30e2\" data-element_type=\"widget\" data-widget_type=\"text-editor.default\"><div class=\"elementor-widget-container\"> <\/div><\/div>\t\t\t\t\t\t\t\t<\/div>\n\t\t\t\t<\/div>\n\t\t\t\t\t<\/div>\n\t\t<\/div>\n\t\t\t\t\t<\/div>\n\t\t<\/section>\n\t\t\t\t<\/div>\n\t\t","protected":false},"excerpt":{"rendered":"<p>Informa\u021bii \u00een conformitate cu obliga\u021bia de informare prev\u0103zut\u0103 la articolul 5 din Legea privind comer\u021bul electronic, articolul 14 din Codul comercial austriac, articolul 63 din Codul industrial \u0219i obliga\u021bia de informare prev\u0103zut\u0103 la articolul 25 din Legea privind mass-media. RHI GmbH &#8211; Glowing PointHauseggerstra\u00dfe 568020 GrazAustria Obiectul de activitate Glowing Point: Cosmetice (\u00eengrijire a frumuse\u021bii),&#8230;<\/p>\n","protected":false},"author":1,"featured_media":0,"parent":0,"menu_order":0,"comment_status":"closed","ping_status":"closed","template":"","meta":{"_loi_post_transparent":"","_loi_post_title":"","_loi_post_layout":"","_loi_post_sidebar_id":"","_loi_post_content_style":"","_loi_post_vertical_padding":"","_loi_post_feature":"","_loi_post_feature_position":"","_loi_post_header":false,"_loi_post_footer":false,"footnotes":""},"class_list":["post-2844","page","type-page","status-publish","hentry"],"_links":{"self":[{"href":"https:\/\/glowingpoint.at\/ro\/wp-json\/wp\/v2\/pages\/2844","targetHints":{"allow":["GET"]}}],"collection":[{"href":"https:\/\/glowingpoint.at\/ro\/wp-json\/wp\/v2\/pages"}],"about":[{"href":"https:\/\/glowingpoint.at\/ro\/wp-json\/wp\/v2\/types\/page"}],"author":[{"embeddable":true,"href":"https:\/\/glowingpoint.at\/ro\/wp-json\/wp\/v2\/users\/1"}],"replies":[{"embeddable":true,"href":"https:\/\/glowingpoint.at\/ro\/wp-json\/wp\/v2\/comments?post=2844"}],"version-history":[{"count":1,"href":"https:\/\/glowingpoint.at\/ro\/wp-json\/wp\/v2\/pages\/2844\/revisions"}],"predecessor-version":[{"id":2845,"href":"https:\/\/glowingpoint.at\/ro\/wp-json\/wp\/v2\/pages\/2844\/revisions\/2845"}],"wp:attachment":[{"href":"https:\/\/glowingpoint.at\/ro\/wp-json\/wp\/v2\/media?parent=2844"}],"curies":[{"name":"wp","href":"https:\/\/api.w.org\/{rel}","templated":true}]}}