{"id":3412,"date":"2025-07-22T09:59:37","date_gmt":"2025-07-22T07:59:37","guid":{"rendered":"https:\/\/glowingpoint.at\/termeni-si-conditii\/"},"modified":"2025-07-22T10:40:42","modified_gmt":"2025-07-22T10:40:42","slug":"termeni-si-conditii","status":"publish","type":"page","link":"https:\/\/glowingpoint.at\/ro\/termeni-si-conditii\/","title":{"rendered":"Termeni \u0219i condi\u021bii"},"content":{"rendered":"\t\t<div data-elementor-type=\"wp-page\" data-elementor-id=\"3412\" class=\"elementor elementor-3412 elementor-3397\" data-elementor-post-type=\"page\">\n\t\t\t\t\t\t<section class=\"elementor-section elementor-top-section elementor-element elementor-element-33418868 elementor-section-boxed elementor-section-height-default elementor-section-height-default\" data-id=\"33418868\" data-element_type=\"section\">\n\t\t\t\t\t\t<div class=\"elementor-container elementor-column-gap-default\">\n\t\t\t\t\t<div class=\"elementor-column elementor-col-100 elementor-top-column elementor-element elementor-element-41b2af2d\" data-id=\"41b2af2d\" data-element_type=\"column\">\n\t\t\t<div class=\"elementor-widget-wrap elementor-element-populated\">\n\t\t\t\t\t\t<div class=\"elementor-element elementor-element-566b14fc elementor-widget elementor-widget-text-editor\" data-id=\"566b14fc\" data-element_type=\"widget\" data-widget_type=\"text-editor.default\">\n\t\t\t\t<div class=\"elementor-widget-container\">\n\t\t\t\t\t\t\t\t\t<div class=\"elementor-element elementor-element-ecafc27 elementor-widget elementor-widget-text-editor\" data-id=\"ecafc27\" data-element_type=\"widget\" data-widget_type=\"text-editor.default\"><div class=\"elementor-widget-container\"><p>TERMENI \u0218I CONDI\u021aII GENERALE pentru<\/p><p>Pedicuri\u0219ti, cosmeticieni, maseuri (terapeu\u021bi), saloane de unghii, pierceri \u0219i tatuatori<\/p><p> <\/p><ul><li><strong>1. Allgemeines<\/strong><\/li><\/ul><p>Ace\u0219ti Termeni \u0219i condi\u021bii generale (denumi\u021bi \u00een continuare &#8220;TCG&#8221;) se aplic\u0103 tuturor contractelor \u0219i serviciilor (servicii, v\u00e2nzarea de bunuri, ini\u021bierea contractului etc.) dintre compania Glowing Point RHI GmbH Filiale Hauseggerstra\u00dfe 56 b \u00een 8020 Graz, www. Glowingpoint.at cu adresa de e-mail <a href=\"mailto:info@glowingpoint.at\">info@glowingpoint.at<\/a> (denumit \u00een continuare &#8220;Furnizor de servicii&#8221;) \u0219i clientul s\u0103u. Tranzac\u021biile juridice dintre furnizorul de servicii \u0219i client care nu sunt acoperite de prezentele CGC necesit\u0103 un acord scris individual. Acordurile colaterale verbale nu sunt valabile. Alte CGC nu se aplic\u0103.    <\/p><p> <\/p><ul><li><strong>2. \u00cencheierea contractului \u0219i programarea termenelor<\/strong><\/li><\/ul><p>2.1. Orice descriere a serviciilor, precum \u0219i promovarea serviciilor \u0219i produselor (\u00een incinta salonului, \u00een bro\u0219uri publicitare, pe site-ul web sau \u00een alte medii similare) nu sunt obligatorii \u0219i nu creeaz\u0103 obliga\u021bii contractuale, reprezent\u00e2nd doar o invita\u021bie adresat\u0103 clientului de a face o ofert\u0103. Prestatorul poate accepta sau refuza ofertele (\u00een special cele privind program\u0103rile) f\u0103r\u0103 a fi obligat s\u0103 justifice decizia. Ofertele pot fi transmise telefonic, prin e-mail, online sau personal (vezi datele de contact la final).  <\/p><p>2.2. Ofertele sunt acceptate de c\u0103tre Prestator prin trimiterea unui SMS de confirmare, a unui e-mail de confirmare sau printr-o confirmare expres\u0103 personal\u0103.<\/p><p> <\/p><ul><li><strong>3. Am\u00e2n\u0103ri de program\u0103ri, anul\u0103ri, \u00eent\u00e2rzierea la programarea stabilit\u0103<\/strong><\/li><\/ul><p>3.1. Program\u0103rile stabilite sunt obligatorii \u0219i trebuie respectate. Dac\u0103 clientul nu poate respecta o programare convenit\u0103, anularea sau am\u00e2narea acesteia este posibil\u0103 numai \u00een conformitate cu prevederile de mai jos. <\/p><p>3.2. Am\u00e2narea sau anularea gratuit\u0103 a program\u0103rii este posibil\u0103 p\u00e2n\u0103 la 3 zile \u00eenainte de data program\u0103rii, f\u0103r\u0103 a include s\u00e2mb\u0103ta \u0219i duminica. Dac\u0103 am\u00e2narea sau anularea are loc dup\u0103 acest termen, dar cel pu\u021bin cu 48 de ore \u00eenainte de data program\u0103rii convenite, prestatorul poate percepe o tax\u0103 de anulare \u00een valoare de 50% din tariful convenit. Pentru am\u00e2n\u0103ri sau anul\u0103ri ulterioare, precum \u0219i \u00een cazul \u00een care clientul nu se prezint\u0103 la programarea stabilit\u0103, prestatorul va factura \u00eentreaga sum\u0103 convenit\u0103. Clientul nu are dreptul la o presta\u021bie de \u00eenlocuire.   <\/p><p>3.3. Pentru reducerea serviciului convenit la cererea clientului nu se acord\u0103 rambursare sau reducere a pre\u021bului.<\/p><p>3.4. Dac\u0103 prestatorul nu poate respecta o programare din motive care nu \u00eei pot fi imputate sau din cauza for\u021bei majore, clientul va fi informat imediat, dac\u0103 datele de contact furnizate permit o comunicare rapid\u0103. \u00cen acest caz, prestatorul are dreptul s\u0103 am\u00e2ne programarea pe termen scurt sau s\u0103 se retrag\u0103 din contract. <\/p><p> <\/p><ul><li><strong>4. Pre\u021buri \u0219i modalit\u0103\u021bi de plat\u0103<\/strong><\/li><\/ul><p>4.1. Toate pre\u021burile sunt conform listei de pre\u021buri valabile la momentul prest\u0103rii serviciului. Publicarea unei liste de pre\u021buri noi \u00eenlocuie\u0219te automat pe cea anterioar\u0103. <\/p><p>4.2. Tariful pentru serviciul prestat c\u0103tre client este scadent imediat dup\u0103 efectuarea acestuia de c\u0103tre prestator.<\/p><p>4.3. Tariful pentru un pachet de servicii (bloc de 5\/10\/x \u0219edin\u021be) trebuie pl\u0103tit \u00een avans. Blocul de 5\/10\/x \u0219edin\u021be nu este transferabil c\u0103tre ter\u021bi. <\/p><p>4.4. Rambursarea pentru serviciile pl\u0103tite \u00een avans (vouchere, pachete) nu este posibil\u0103.<\/p><p> <\/p><ul><li><strong>5. Deteriorarea bunurilor<\/strong><\/li><\/ul><p>R\u0103spunderea prestatorului pentru deteriorarea bunurilor \u00een timpul prest\u0103rii serviciului (de exemplu, la \u00eembr\u0103c\u0103mintea clientului cauzat\u0103 de uleiuri, creme sau alte lichide similare etc.) este limitat\u0103 la culpa grav\u0103 \u0219i faptele inten\u021bionate.<\/p><p> <\/p><ul><li><strong>6. Rezervarea dreptului de proprietate<\/strong><\/li><\/ul><p>Prestatorul \u00ee\u0219i rezerv\u0103 dreptul de proprietate asupra bunurilor v\u00e2ndute p\u00e2n\u0103 la plata integral\u0103 a acestora.<\/p><p> <\/p><ul><li><strong>7. Obliga\u021bia clientului de informare<\/strong><\/li><\/ul><p>7.1. Clientul are obliga\u021bia s\u0103 informeze prestatorul, dup\u0103 cea mai bun\u0103 cuno\u0219tin\u021b\u0103 \u0219i con\u0219tiin\u021b\u0103, despre boli, alergii sau alte afec\u021biuni fizice (\u00een special diabet, tratamente pentru sub\u021bierea s\u00e2ngelui etc.) care trebuie luate \u00een considerare \u00een timpul prest\u0103rii serviciului \u0219i care ar putea afecta s\u0103n\u0103tatea clientului.<\/p><p>7.2. Clientul va r\u0103spunde prestatorului cu con\u0219tiinciozitate \u0219i sinceritate la \u00eentreb\u0103rile legate de starea sa de s\u0103n\u0103tate, pentru a evita complica\u021biile \u00een timpul prest\u0103rii serviciului \u0219i eventualele daune.<\/p><p> <\/p><ul><li><strong>8. Vouchere<\/strong><\/li><\/ul><p>8.1. Voucherele valorice sunt emise pentru o sum\u0103 fix\u0103 de bani. Valabilitatea voucherelor valorice este de 5 ani, iar prestarea serviciului corespunz\u0103tor utiliz\u0103rii voucherului trebuie s\u0103 aib\u0103 loc \u00een aceast\u0103 perioad\u0103. Pentru utilizare se aplic\u0103 condi\u021biile privind programarea stabilite la \u00a7 2 \u0219i 3.  <\/p><p>8.2. Voucherele pentru servicii sunt emise pentru un anumit serviciu. Valabilitatea acestor vouchere este de 5 ani, iar prestarea serviciului corespunz\u0103tor utiliz\u0103rii voucherului trebuie s\u0103 aib\u0103 loc \u00een aceast\u0103 perioad\u0103. Pentru utilizare se aplic\u0103 condi\u021biile privind programarea stabilite la \u00a7\u00a7 2 \u0219i 3. Dac\u0103 pre\u021bul serviciului corespunz\u0103tor este mai mare la momentul utiliz\u0103rii voucherului dec\u00e2t la momentul emiterii acestuia, clientul este obligat s\u0103 pl\u0103teasc\u0103 diferen\u021ba.   <\/p><p>8.3. Voucherul trebuie adus la programare \u0219i poate fi utilizat numai prin anulare la utilizare.<\/p><p>8.4. Plata \u00een numerar a valorii voucherului este exclus\u0103.<\/p><p> <\/p><ul><li><strong>9. Protec\u021bia datelor<\/strong><\/li><\/ul><p>V\u0103 rug\u0103m s\u0103 consulta\u021bi informa\u021biile noastre privind protec\u021bia datelor la <a href=\"https:\/\/glowingpoint.at\/ro\/politica-de-confidentialitate\/\">www.glowingpoint.at<\/a><\/p><p> <\/p><ul><li><strong>10. Alte prevederi<\/strong><\/li><\/ul><p>\u00cen cazul \u00een care una sau mai multe prevederi din ace\u0219ti termeni \u0219i condi\u021bii generale sunt nule sau nevalabile ori \u00ee\u0219i pierd valabilitatea din cauza unor circumstan\u021be ulterioare, acest lucru nu afecteaz\u0103 validitatea celorlalte prevederi. P\u0103r\u021bile contractante se angajeaz\u0103, \u00een acest caz, s\u0103 completeze contractul \u00een mod eficient cu dispozi\u021bii care corespund scopului legal \u0219i economic al prevederilor invalide sau incomplete. <\/p><p>Date de contact: Hiendler Anamaria \/ Artist Permanent Make Up \/ Director general \/ Glowing Point \u2013 RHI GmbH<\/p><p>Telefon: 0664\/2205355<\/p><p>Website: <a href=\"https:\/\/glowingpoint.at\">www.glowingpoint.at<\/a><\/p><p>E-Mail: <a href=\"mailto:info@glowingpoint.at\">info@glowingpoint.at<\/a><\/p><p>Adres\u0103: Hauseggerstrasse 56 b, 8020 Graz<\/p><\/div><\/div>\t\t\t\t\t\t\t\t<\/div>\n\t\t\t\t<\/div>\n\t\t\t\t\t<\/div>\n\t\t<\/div>\n\t\t\t\t\t<\/div>\n\t\t<\/section>\n\t\t\t\t<\/div>\n\t\t","protected":false},"excerpt":{"rendered":"<p>TERMENI \u0218I CONDI\u021aII GENERALE pentru Pedicuri\u0219ti, cosmeticieni, maseuri (terapeu\u021bi), saloane de unghii, pierceri \u0219i tatuatori 1. Allgemeines Ace\u0219ti Termeni \u0219i condi\u021bii generale (denumi\u021bi \u00een continuare &#8220;TCG&#8221;) se aplic\u0103 tuturor contractelor \u0219i serviciilor (servicii, v\u00e2nzarea de bunuri, ini\u021bierea contractului etc.) dintre compania Glowing Point RHI GmbH Filiale Hauseggerstra\u00dfe 56 b \u00een 8020 Graz, www. Glowingpoint.at cu&#8230;<\/p>\n","protected":false},"author":1,"featured_media":0,"parent":0,"menu_order":0,"comment_status":"closed","ping_status":"closed","template":"","meta":{"_loi_post_transparent":"","_loi_post_title":"","_loi_post_layout":"","_loi_post_sidebar_id":"","_loi_post_content_style":"","_loi_post_vertical_padding":"","_loi_post_feature":"","_loi_post_feature_position":"","_loi_post_header":false,"_loi_post_footer":false,"footnotes":""},"class_list":["post-3412","page","type-page","status-publish","hentry"],"_links":{"self":[{"href":"https:\/\/glowingpoint.at\/ro\/wp-json\/wp\/v2\/pages\/3412","targetHints":{"allow":["GET"]}}],"collection":[{"href":"https:\/\/glowingpoint.at\/ro\/wp-json\/wp\/v2\/pages"}],"about":[{"href":"https:\/\/glowingpoint.at\/ro\/wp-json\/wp\/v2\/types\/page"}],"author":[{"embeddable":true,"href":"https:\/\/glowingpoint.at\/ro\/wp-json\/wp\/v2\/users\/1"}],"replies":[{"embeddable":true,"href":"https:\/\/glowingpoint.at\/ro\/wp-json\/wp\/v2\/comments?post=3412"}],"version-history":[{"count":1,"href":"https:\/\/glowingpoint.at\/ro\/wp-json\/wp\/v2\/pages\/3412\/revisions"}],"predecessor-version":[{"id":3413,"href":"https:\/\/glowingpoint.at\/ro\/wp-json\/wp\/v2\/pages\/3412\/revisions\/3413"}],"wp:attachment":[{"href":"https:\/\/glowingpoint.at\/ro\/wp-json\/wp\/v2\/media?parent=3412"}],"curies":[{"name":"wp","href":"https:\/\/api.w.org\/{rel}","templated":true}]}}